{"id":79,"date":"2026-05-13T12:52:54","date_gmt":"2026-05-13T12:52:54","guid":{"rendered":"https:\/\/test.klatschmohn.de\/?page_id=79"},"modified":"2026-05-13T20:32:47","modified_gmt":"2026-05-13T20:32:47","slug":"jahresueberblick","status":"publish","type":"page","link":"https:\/\/test.klatschmohn.de\/?page_id=79","title":{"rendered":"Jahres\u00fcberblick"},"content":{"rendered":"<p>Um den Jahres\u00fcberblick aufzurufen und in ihm zu Bl\u00e4ttern klicken Sie auf das Bild.<\/p>\n\n\n<figure class=\"wp-block-image size-large\"><a href=\"https:\/\/issuu.com\/klatschmohnverlagdruckwerbunggmbhco\/docs\/kkj_2026_web_e9e470ef300fa4?fr=xKAE9_zMzMw\" target=\"_blank\" rel=\" noreferrer noopener\"><img loading=\"lazy\" decoding=\"async\" width=\"1024\" height=\"614\" src=\"https:\/\/test.klatschmohn.de\/wp-content\/uploads\/2026\/05\/issuu-1024x614.png\" alt=\"\" class=\"wp-image-95\" srcset=\"https:\/\/test.klatschmohn.de\/wp-content\/uploads\/2026\/05\/issuu-1024x614.png 1024w, https:\/\/test.klatschmohn.de\/wp-content\/uploads\/2026\/05\/issuu-300x180.png 300w, https:\/\/test.klatschmohn.de\/wp-content\/uploads\/2026\/05\/issuu-768x461.png 768w, https:\/\/test.klatschmohn.de\/wp-content\/uploads\/2026\/05\/issuu-1536x922.png 1536w, https:\/\/test.klatschmohn.de\/wp-content\/uploads\/2026\/05\/issuu-600x360.png 600w, https:\/\/test.klatschmohn.de\/wp-content\/uploads\/2026\/05\/issuu.png 1810w\" sizes=\"auto, (max-width: 1024px) 100vw, 1024px\" \/><\/a><\/figure>\n\n\n\n<p><\/p>\n","protected":false},"excerpt":{"rendered":"<p>Um den Jahres\u00fcberblick aufzurufen und in ihm zu Bl\u00e4ttern klicken Sie auf das Bild.<\/p>\n","protected":false},"author":1,"featured_media":0,"parent":42,"menu_order":0,"comment_status":"closed","ping_status":"closed","template":"","meta":{"footnotes":""},"class_list":["post-79","page","type-page","status-publish","hentry"],"yoast_head":"<!-- This site is optimized with the Yoast SEO plugin v27.6 - https:\/\/yoast.com\/product\/yoast-seo-wordpress\/ -->\n<title>Jahres\u00fcberblick - KLATSCHMOHN<\/title>\n<meta name=\"robots\" content=\"index, follow, max-snippet:-1, max-image-preview:large, max-video-preview:-1\" \/>\n<link rel=\"canonical\" href=\"https:\/\/test.klatschmohn.de\/?page_id=79\" \/>\n<meta property=\"og:locale\" content=\"de_DE\" \/>\n<meta property=\"og:type\" content=\"article\" \/>\n<meta property=\"og:title\" content=\"Jahres\u00fcberblick - KLATSCHMOHN\" \/>\n<meta property=\"og:description\" content=\"Um den Jahres\u00fcberblick aufzurufen und in ihm zu Bl\u00e4ttern klicken Sie auf das Bild.\" \/>\n<meta property=\"og:url\" content=\"https:\/\/test.klatschmohn.de\/?page_id=79\" \/>\n<meta property=\"og:site_name\" content=\"KLATSCHMOHN\" \/>\n<meta property=\"article:modified_time\" content=\"2026-05-13T20:32:47+00:00\" \/>\n<meta property=\"og:image\" content=\"https:\/\/test.klatschmohn.de\/wp-content\/uploads\/2026\/05\/issuu.png\" \/>\n\t<meta property=\"og:image:width\" content=\"1810\" \/>\n\t<meta property=\"og:image:height\" content=\"1086\" \/>\n\t<meta property=\"og:image:type\" content=\"image\/png\" \/>\n<meta name=\"twitter:card\" content=\"summary_large_image\" \/>\n<meta name=\"twitter:label1\" content=\"Gesch\u00e4tzte Lesezeit\" \/>\n\t<meta name=\"twitter:data1\" content=\"1\u00a0Minute\" \/>\n<script type=\"application\/ld+json\" class=\"yoast-schema-graph\">{\"@context\":\"https:\\\/\\\/schema.org\",\"@graph\":[{\"@type\":\"WebPage\",\"@id\":\"https:\\\/\\\/test.klatschmohn.de\\\/?page_id=79\",\"url\":\"https:\\\/\\\/test.klatschmohn.de\\\/?page_id=79\",\"name\":\"Jahres\u00fcberblick - KLATSCHMOHN\",\"isPartOf\":{\"@id\":\"https:\\\/\\\/test.klatschmohn.de\\\/#website\"},\"primaryImageOfPage\":{\"@id\":\"https:\\\/\\\/test.klatschmohn.de\\\/?page_id=79#primaryimage\"},\"image\":{\"@id\":\"https:\\\/\\\/test.klatschmohn.de\\\/?page_id=79#primaryimage\"},\"thumbnailUrl\":\"https:\\\/\\\/test.klatschmohn.de\\\/wp-content\\\/uploads\\\/2026\\\/05\\\/issuu-1024x614.png\",\"datePublished\":\"2026-05-13T12:52:54+00:00\",\"dateModified\":\"2026-05-13T20:32:47+00:00\",\"breadcrumb\":{\"@id\":\"https:\\\/\\\/test.klatschmohn.de\\\/?page_id=79#breadcrumb\"},\"inLanguage\":\"de\",\"potentialAction\":[{\"@type\":\"ReadAction\",\"target\":[\"https:\\\/\\\/test.klatschmohn.de\\\/?page_id=79\"]}]},{\"@type\":\"ImageObject\",\"inLanguage\":\"de\",\"@id\":\"https:\\\/\\\/test.klatschmohn.de\\\/?page_id=79#primaryimage\",\"url\":\"https:\\\/\\\/test.klatschmohn.de\\\/wp-content\\\/uploads\\\/2026\\\/05\\\/issuu.png\",\"contentUrl\":\"https:\\\/\\\/test.klatschmohn.de\\\/wp-content\\\/uploads\\\/2026\\\/05\\\/issuu.png\",\"width\":1810,\"height\":1086},{\"@type\":\"BreadcrumbList\",\"@id\":\"https:\\\/\\\/test.klatschmohn.de\\\/?page_id=79#breadcrumb\",\"itemListElement\":[{\"@type\":\"ListItem\",\"position\":1,\"name\":\"Start\",\"item\":\"https:\\\/\\\/test.klatschmohn.de\\\/\"},{\"@type\":\"ListItem\",\"position\":2,\"name\":\"Kulturkalender\",\"item\":\"https:\\\/\\\/test.klatschmohn.de\\\/?page_id=42\"},{\"@type\":\"ListItem\",\"position\":3,\"name\":\"Jahres\u00fcberblick\"}]},{\"@type\":\"WebSite\",\"@id\":\"https:\\\/\\\/test.klatschmohn.de\\\/#website\",\"url\":\"https:\\\/\\\/test.klatschmohn.de\\\/\",\"name\":\"KLATSCHMOHN\",\"description\":\"\",\"potentialAction\":[{\"@type\":\"SearchAction\",\"target\":{\"@type\":\"EntryPoint\",\"urlTemplate\":\"https:\\\/\\\/test.klatschmohn.de\\\/?s={search_term_string}\"},\"query-input\":{\"@type\":\"PropertyValueSpecification\",\"valueRequired\":true,\"valueName\":\"search_term_string\"}}],\"inLanguage\":\"de\"}]}<\/script>\n<!-- \/ Yoast SEO plugin. -->","yoast_head_json":{"title":"Jahres\u00fcberblick - KLATSCHMOHN","robots":{"index":"index","follow":"follow","max-snippet":"max-snippet:-1","max-image-preview":"max-image-preview:large","max-video-preview":"max-video-preview:-1"},"canonical":"https:\/\/test.klatschmohn.de\/?page_id=79","og_locale":"de_DE","og_type":"article","og_title":"Jahres\u00fcberblick - KLATSCHMOHN","og_description":"Um den Jahres\u00fcberblick aufzurufen und in ihm zu Bl\u00e4ttern klicken Sie auf das Bild.","og_url":"https:\/\/test.klatschmohn.de\/?page_id=79","og_site_name":"KLATSCHMOHN","article_modified_time":"2026-05-13T20:32:47+00:00","og_image":[{"width":1810,"height":1086,"url":"https:\/\/test.klatschmohn.de\/wp-content\/uploads\/2026\/05\/issuu.png","type":"image\/png"}],"twitter_card":"summary_large_image","twitter_misc":{"Gesch\u00e4tzte Lesezeit":"1\u00a0Minute"},"schema":{"@context":"https:\/\/schema.org","@graph":[{"@type":"WebPage","@id":"https:\/\/test.klatschmohn.de\/?page_id=79","url":"https:\/\/test.klatschmohn.de\/?page_id=79","name":"Jahres\u00fcberblick - KLATSCHMOHN","isPartOf":{"@id":"https:\/\/test.klatschmohn.de\/#website"},"primaryImageOfPage":{"@id":"https:\/\/test.klatschmohn.de\/?page_id=79#primaryimage"},"image":{"@id":"https:\/\/test.klatschmohn.de\/?page_id=79#primaryimage"},"thumbnailUrl":"https:\/\/test.klatschmohn.de\/wp-content\/uploads\/2026\/05\/issuu-1024x614.png","datePublished":"2026-05-13T12:52:54+00:00","dateModified":"2026-05-13T20:32:47+00:00","breadcrumb":{"@id":"https:\/\/test.klatschmohn.de\/?page_id=79#breadcrumb"},"inLanguage":"de","potentialAction":[{"@type":"ReadAction","target":["https:\/\/test.klatschmohn.de\/?page_id=79"]}]},{"@type":"ImageObject","inLanguage":"de","@id":"https:\/\/test.klatschmohn.de\/?page_id=79#primaryimage","url":"https:\/\/test.klatschmohn.de\/wp-content\/uploads\/2026\/05\/issuu.png","contentUrl":"https:\/\/test.klatschmohn.de\/wp-content\/uploads\/2026\/05\/issuu.png","width":1810,"height":1086},{"@type":"BreadcrumbList","@id":"https:\/\/test.klatschmohn.de\/?page_id=79#breadcrumb","itemListElement":[{"@type":"ListItem","position":1,"name":"Start","item":"https:\/\/test.klatschmohn.de\/"},{"@type":"ListItem","position":2,"name":"Kulturkalender","item":"https:\/\/test.klatschmohn.de\/?page_id=42"},{"@type":"ListItem","position":3,"name":"Jahres\u00fcberblick"}]},{"@type":"WebSite","@id":"https:\/\/test.klatschmohn.de\/#website","url":"https:\/\/test.klatschmohn.de\/","name":"KLATSCHMOHN","description":"","potentialAction":[{"@type":"SearchAction","target":{"@type":"EntryPoint","urlTemplate":"https:\/\/test.klatschmohn.de\/?s={search_term_string}"},"query-input":{"@type":"PropertyValueSpecification","valueRequired":true,"valueName":"search_term_string"}}],"inLanguage":"de"}]}},"jetpack_sharing_enabled":true,"_links":{"self":[{"href":"https:\/\/test.klatschmohn.de\/index.php?rest_route=\/wp\/v2\/pages\/79","targetHints":{"allow":["GET"]}}],"collection":[{"href":"https:\/\/test.klatschmohn.de\/index.php?rest_route=\/wp\/v2\/pages"}],"about":[{"href":"https:\/\/test.klatschmohn.de\/index.php?rest_route=\/wp\/v2\/types\/page"}],"author":[{"embeddable":true,"href":"https:\/\/test.klatschmohn.de\/index.php?rest_route=\/wp\/v2\/users\/1"}],"replies":[{"embeddable":true,"href":"https:\/\/test.klatschmohn.de\/index.php?rest_route=%2Fwp%2Fv2%2Fcomments&post=79"}],"version-history":[{"count":10,"href":"https:\/\/test.klatschmohn.de\/index.php?rest_route=\/wp\/v2\/pages\/79\/revisions"}],"predecessor-version":[{"id":98,"href":"https:\/\/test.klatschmohn.de\/index.php?rest_route=\/wp\/v2\/pages\/79\/revisions\/98"}],"up":[{"embeddable":true,"href":"https:\/\/test.klatschmohn.de\/index.php?rest_route=\/wp\/v2\/pages\/42"}],"wp:attachment":[{"href":"https:\/\/test.klatschmohn.de\/index.php?rest_route=%2Fwp%2Fv2%2Fmedia&parent=79"}],"curies":[{"name":"wp","href":"https:\/\/api.w.org\/{rel}","templated":true}]}}