{"id":28,"date":"2026-05-12T10:01:21","date_gmt":"2026-05-12T10:01:21","guid":{"rendered":"https:\/\/test.klatschmohn.de\/?post_type=product&#038;p=28"},"modified":"2026-05-13T10:30:47","modified_gmt":"2026-05-13T10:30:47","slug":"tuempelkinder-tiere-im-und-am-teich","status":"publish","type":"product","link":"https:\/\/test.klatschmohn.de\/?product=tuempelkinder-tiere-im-und-am-teich","title":{"rendered":"T\u00fcmpelkinder \u2013 Tiere im und am Teich"},"content":{"rendered":"<p>Britta und Horst Matthies<br \/>\nT\u00fcmpelkinder<br \/>\nTiere im und am Teich<br \/>\nMecklenburg-Vorpommern<br \/>\n22 Seiten, gebunden<\/p>\n<p>Tilo hat einen eigenen Tierpark, seinen T\u00fcmpeltierpark. Das ist ein Teich gleich hinter dem Dorf in den Feldern. Dort gibt es keinen Zaun und keine eisernen Gitter, denn alle Tiere finden sich von selbst in diesem Tierpark ein. Vom Fr\u00fchjahr \u00fcber den Sommer, den Herbst und den Winter beobachtet er, wie und wo sie ihre Nester bauen, ihre Jungen heranziehen, sich von h\u00e4sslichen Larven zu glitzernden Libellen verwandeln oder sich auf das \u00dcberleben in der kalten Jahreszeit vorbereiten. Eing\u00e4ngig erz\u00e4hlt, aufw\u00e4ndig, unterhaltend und informativ illustriert. Ein Entdeckerbuch f\u00fcr Eltern und Kinder, die sich f\u00fcr die kleinen Wunder in der fernen nahen Welt in einem Geb\u00fcsch am Wegesrand, in und an einem T\u00fcmpel im Feld oder zwischen den Grashalmen auf der Wiese hinterm Haus interessieren<\/p>\n","protected":false},"excerpt":{"rendered":"<p>Britta und Horst Matthies<\/p>\n","protected":false},"featured_media":66,"template":"","meta":[],"product_brand":[],"product_cat":[18,19],"product_tag":[],"class_list":{"0":"post-28","1":"product","2":"type-product","3":"status-publish","4":"has-post-thumbnail","6":"product_cat-buecher","7":"product_cat-kinderbuecher","9":"first","10":"instock","11":"taxable","12":"shipping-taxable","13":"purchasable","14":"product-type-simple"},"yoast_head":"<!-- This site is optimized with the Yoast SEO plugin v27.6 - https:\/\/yoast.com\/product\/yoast-seo-wordpress\/ -->\n<title>T\u00fcmpelkinder \u2013 Tiere im und am Teich - KLATSCHMOHN<\/title>\n<meta name=\"robots\" content=\"index, follow, max-snippet:-1, max-image-preview:large, max-video-preview:-1\" \/>\n<link rel=\"canonical\" href=\"https:\/\/test.klatschmohn.de\/?product=tuempelkinder-tiere-im-und-am-teich\" \/>\n<meta property=\"og:locale\" content=\"de_DE\" \/>\n<meta property=\"og:type\" content=\"article\" \/>\n<meta property=\"og:title\" content=\"T\u00fcmpelkinder \u2013 Tiere im und am Teich - KLATSCHMOHN\" \/>\n<meta property=\"og:description\" content=\"Britta und Horst Matthies\" \/>\n<meta property=\"og:url\" content=\"https:\/\/test.klatschmohn.de\/?product=tuempelkinder-tiere-im-und-am-teich\" \/>\n<meta property=\"og:site_name\" content=\"KLATSCHMOHN\" \/>\n<meta property=\"article:modified_time\" content=\"2026-05-13T10:30:47+00:00\" \/>\n<meta property=\"og:image\" content=\"https:\/\/test.klatschmohn.de\/wp-content\/uploads\/2026\/05\/Tuempelkinder_g.jpg\" \/>\n\t<meta property=\"og:image:width\" content=\"249\" \/>\n\t<meta property=\"og:image:height\" content=\"249\" \/>\n\t<meta property=\"og:image:type\" content=\"image\/jpeg\" \/>\n<meta name=\"twitter:card\" content=\"summary_large_image\" \/>\n<meta name=\"twitter:label1\" content=\"Gesch\u00e4tzte Lesezeit\" \/>\n\t<meta name=\"twitter:data1\" content=\"1\u00a0Minute\" \/>\n<script type=\"application\/ld+json\" class=\"yoast-schema-graph\">{\"@context\":\"https:\\\/\\\/schema.org\",\"@graph\":[{\"@type\":\"WebPage\",\"@id\":\"https:\\\/\\\/test.klatschmohn.de\\\/?product=tuempelkinder-tiere-im-und-am-teich\",\"url\":\"https:\\\/\\\/test.klatschmohn.de\\\/?product=tuempelkinder-tiere-im-und-am-teich\",\"name\":\"T\u00fcmpelkinder \u2013 Tiere im und am Teich - KLATSCHMOHN\",\"isPartOf\":{\"@id\":\"https:\\\/\\\/test.klatschmohn.de\\\/#website\"},\"primaryImageOfPage\":{\"@id\":\"https:\\\/\\\/test.klatschmohn.de\\\/?product=tuempelkinder-tiere-im-und-am-teich#primaryimage\"},\"image\":{\"@id\":\"https:\\\/\\\/test.klatschmohn.de\\\/?product=tuempelkinder-tiere-im-und-am-teich#primaryimage\"},\"thumbnailUrl\":\"https:\\\/\\\/test.klatschmohn.de\\\/wp-content\\\/uploads\\\/2026\\\/05\\\/Tuempelkinder_g.jpg\",\"datePublished\":\"2026-05-12T10:01:21+00:00\",\"dateModified\":\"2026-05-13T10:30:47+00:00\",\"breadcrumb\":{\"@id\":\"https:\\\/\\\/test.klatschmohn.de\\\/?product=tuempelkinder-tiere-im-und-am-teich#breadcrumb\"},\"inLanguage\":\"de\",\"potentialAction\":[{\"@type\":\"ReadAction\",\"target\":[\"https:\\\/\\\/test.klatschmohn.de\\\/?product=tuempelkinder-tiere-im-und-am-teich\"]}]},{\"@type\":\"ImageObject\",\"inLanguage\":\"de\",\"@id\":\"https:\\\/\\\/test.klatschmohn.de\\\/?product=tuempelkinder-tiere-im-und-am-teich#primaryimage\",\"url\":\"https:\\\/\\\/test.klatschmohn.de\\\/wp-content\\\/uploads\\\/2026\\\/05\\\/Tuempelkinder_g.jpg\",\"contentUrl\":\"https:\\\/\\\/test.klatschmohn.de\\\/wp-content\\\/uploads\\\/2026\\\/05\\\/Tuempelkinder_g.jpg\",\"width\":249,\"height\":249},{\"@type\":\"BreadcrumbList\",\"@id\":\"https:\\\/\\\/test.klatschmohn.de\\\/?product=tuempelkinder-tiere-im-und-am-teich#breadcrumb\",\"itemListElement\":[{\"@type\":\"ListItem\",\"position\":1,\"name\":\"Start\",\"item\":\"https:\\\/\\\/test.klatschmohn.de\\\/\"},{\"@type\":\"ListItem\",\"position\":2,\"name\":\"Shop\",\"item\":\"https:\\\/\\\/test.klatschmohn.de\\\/?page_id=6\"},{\"@type\":\"ListItem\",\"position\":3,\"name\":\"T\u00fcmpelkinder \u2013 Tiere im und am Teich\"}]},{\"@type\":\"WebSite\",\"@id\":\"https:\\\/\\\/test.klatschmohn.de\\\/#website\",\"url\":\"https:\\\/\\\/test.klatschmohn.de\\\/\",\"name\":\"KLATSCHMOHN\",\"description\":\"\",\"potentialAction\":[{\"@type\":\"SearchAction\",\"target\":{\"@type\":\"EntryPoint\",\"urlTemplate\":\"https:\\\/\\\/test.klatschmohn.de\\\/?s={search_term_string}\"},\"query-input\":{\"@type\":\"PropertyValueSpecification\",\"valueRequired\":true,\"valueName\":\"search_term_string\"}}],\"inLanguage\":\"de\"}]}<\/script>\n<!-- \/ Yoast SEO plugin. -->","yoast_head_json":{"title":"T\u00fcmpelkinder \u2013 Tiere im und am Teich - KLATSCHMOHN","robots":{"index":"index","follow":"follow","max-snippet":"max-snippet:-1","max-image-preview":"max-image-preview:large","max-video-preview":"max-video-preview:-1"},"canonical":"https:\/\/test.klatschmohn.de\/?product=tuempelkinder-tiere-im-und-am-teich","og_locale":"de_DE","og_type":"article","og_title":"T\u00fcmpelkinder \u2013 Tiere im und am Teich - KLATSCHMOHN","og_description":"Britta und Horst Matthies","og_url":"https:\/\/test.klatschmohn.de\/?product=tuempelkinder-tiere-im-und-am-teich","og_site_name":"KLATSCHMOHN","article_modified_time":"2026-05-13T10:30:47+00:00","og_image":[{"width":249,"height":249,"url":"https:\/\/test.klatschmohn.de\/wp-content\/uploads\/2026\/05\/Tuempelkinder_g.jpg","type":"image\/jpeg"}],"twitter_card":"summary_large_image","twitter_misc":{"Gesch\u00e4tzte Lesezeit":"1\u00a0Minute"},"schema":{"@context":"https:\/\/schema.org","@graph":[{"@type":"WebPage","@id":"https:\/\/test.klatschmohn.de\/?product=tuempelkinder-tiere-im-und-am-teich","url":"https:\/\/test.klatschmohn.de\/?product=tuempelkinder-tiere-im-und-am-teich","name":"T\u00fcmpelkinder \u2013 Tiere im und am Teich - KLATSCHMOHN","isPartOf":{"@id":"https:\/\/test.klatschmohn.de\/#website"},"primaryImageOfPage":{"@id":"https:\/\/test.klatschmohn.de\/?product=tuempelkinder-tiere-im-und-am-teich#primaryimage"},"image":{"@id":"https:\/\/test.klatschmohn.de\/?product=tuempelkinder-tiere-im-und-am-teich#primaryimage"},"thumbnailUrl":"https:\/\/test.klatschmohn.de\/wp-content\/uploads\/2026\/05\/Tuempelkinder_g.jpg","datePublished":"2026-05-12T10:01:21+00:00","dateModified":"2026-05-13T10:30:47+00:00","breadcrumb":{"@id":"https:\/\/test.klatschmohn.de\/?product=tuempelkinder-tiere-im-und-am-teich#breadcrumb"},"inLanguage":"de","potentialAction":[{"@type":"ReadAction","target":["https:\/\/test.klatschmohn.de\/?product=tuempelkinder-tiere-im-und-am-teich"]}]},{"@type":"ImageObject","inLanguage":"de","@id":"https:\/\/test.klatschmohn.de\/?product=tuempelkinder-tiere-im-und-am-teich#primaryimage","url":"https:\/\/test.klatschmohn.de\/wp-content\/uploads\/2026\/05\/Tuempelkinder_g.jpg","contentUrl":"https:\/\/test.klatschmohn.de\/wp-content\/uploads\/2026\/05\/Tuempelkinder_g.jpg","width":249,"height":249},{"@type":"BreadcrumbList","@id":"https:\/\/test.klatschmohn.de\/?product=tuempelkinder-tiere-im-und-am-teich#breadcrumb","itemListElement":[{"@type":"ListItem","position":1,"name":"Start","item":"https:\/\/test.klatschmohn.de\/"},{"@type":"ListItem","position":2,"name":"Shop","item":"https:\/\/test.klatschmohn.de\/?page_id=6"},{"@type":"ListItem","position":3,"name":"T\u00fcmpelkinder \u2013 Tiere im und am Teich"}]},{"@type":"WebSite","@id":"https:\/\/test.klatschmohn.de\/#website","url":"https:\/\/test.klatschmohn.de\/","name":"KLATSCHMOHN","description":"","potentialAction":[{"@type":"SearchAction","target":{"@type":"EntryPoint","urlTemplate":"https:\/\/test.klatschmohn.de\/?s={search_term_string}"},"query-input":{"@type":"PropertyValueSpecification","valueRequired":true,"valueName":"search_term_string"}}],"inLanguage":"de"}]}},"jetpack_sharing_enabled":true,"_links":{"self":[{"href":"https:\/\/test.klatschmohn.de\/index.php?rest_route=\/wp\/v2\/product\/28","targetHints":{"allow":["GET"]}}],"collection":[{"href":"https:\/\/test.klatschmohn.de\/index.php?rest_route=\/wp\/v2\/product"}],"about":[{"href":"https:\/\/test.klatschmohn.de\/index.php?rest_route=\/wp\/v2\/types\/product"}],"wp:featuredmedia":[{"embeddable":true,"href":"https:\/\/test.klatschmohn.de\/index.php?rest_route=\/wp\/v2\/media\/66"}],"wp:attachment":[{"href":"https:\/\/test.klatschmohn.de\/index.php?rest_route=%2Fwp%2Fv2%2Fmedia&parent=28"}],"wp:term":[{"taxonomy":"product_brand","embeddable":true,"href":"https:\/\/test.klatschmohn.de\/index.php?rest_route=%2Fwp%2Fv2%2Fproduct_brand&post=28"},{"taxonomy":"product_cat","embeddable":true,"href":"https:\/\/test.klatschmohn.de\/index.php?rest_route=%2Fwp%2Fv2%2Fproduct_cat&post=28"},{"taxonomy":"product_tag","embeddable":true,"href":"https:\/\/test.klatschmohn.de\/index.php?rest_route=%2Fwp%2Fv2%2Fproduct_tag&post=28"}],"curies":[{"name":"wp","href":"https:\/\/api.w.org\/{rel}","templated":true}]}}