{"id":33,"date":"2026-05-12T11:26:34","date_gmt":"2026-05-12T11:26:34","guid":{"rendered":"https:\/\/test.klatschmohn.de\/?post_type=product&#038;p=33"},"modified":"2026-05-13T10:33:03","modified_gmt":"2026-05-13T10:33:03","slug":"180-jahre-evangelische-stiftung-michaelshof-eine-chronik","status":"publish","type":"product","link":"https:\/\/test.klatschmohn.de\/?product=180-jahre-evangelische-stiftung-michaelshof-eine-chronik","title":{"rendered":"180 Jahre Evangelische Stiftung    Michaelshof  \u2013 Eine Chronik"},"content":{"rendered":"<div id=\"c561\" class=\"csc-default\">\n<div class=\"csc-textpic csc-textpic-intext-left-nowrap csc-textpic-intext-left-nowrap-285 csc-textpic-equalheight\">\n<div class=\"csc-textpic-text\">\n<article class=\"menue\">\n<div class=\"indent\">\n<div class=\"indent\">\n<div class=\"indent\">\n<aside>\n<aside>\n<div class=\"indent\">\n<p class=\"bodytext\">Autorenkollektiv<br \/>\nHerausgeber: Ekkehard Maase f\u00fcr<br \/>\nEvangelische Stiftung Michaelshof<br \/>\n296 Seiten, farbig, gebunden<\/p>\n<\/div>\n<\/aside>\n<\/aside>\n<\/div>\n<\/div>\n<\/div>\n<\/article>\n<\/div>\n<\/div>\n<\/div>\n<div id=\"c560\" class=\"csc-default\">\n<p class=\"bodytext\">Der Michaelshof &#8211; 180 Jahre gelebte Diakonie in bewegten Zeiten<\/p>\n<p class=\"bodytext\">Seit 1845 steht die Evangelische Stiftung Michaelshof f\u00fcr N\u00e4chstenliebe und gesellschaftliches Engagement. In ihrer 180-j\u00e4hrigen Geschichte hat die Einrichtung politische Umbr\u00fcche, Kriege und Systemwechsel \u00fcberdauert und dabei stets ihren diakonischen Auftrag bewahrt. Vom Rettungshaus f\u00fcr verwahrloste Knaben \u00fcber dunkle Kapitel w\u00e4hrend des Nationalsozialismus bis hin zur modernen Einrichtung mit inklusiven Angeboten f\u00fcr Menschen mit und ohne Behinderung: Der Michaelshof spiegelt die Geschichte Deutschlands wider und erz\u00e4hlt zugleich von unersch\u00fctterlicher Menschlichkeit und der Kraft des Glaubens.<\/p>\n<p class=\"bodytext\">Diese Chronik beleuchtet die bewegte Vergangenheit und die stetige Anpassung an gesellschaftliche Herausforderungen \u2013 ein eindrucksvolles Zeugnis f\u00fcr gelebte christliche Verantwortung und die tiefe \u00dcberzeugung, dass jedes Leben wertvoll ist.<\/p>\n<\/div>\n","protected":false},"excerpt":{"rendered":"<p>Autorenkollektiv<\/p>\n","protected":false},"featured_media":72,"template":"","meta":[],"product_brand":[],"product_cat":[18,25],"product_tag":[],"class_list":{"0":"post-33","1":"product","2":"type-product","3":"status-publish","4":"has-post-thumbnail","6":"product_cat-buecher","7":"product_cat-regional","9":"first","10":"instock","11":"taxable","12":"shipping-taxable","13":"purchasable","14":"product-type-simple"},"yoast_head":"<!-- This site is optimized with the Yoast SEO plugin v27.6 - https:\/\/yoast.com\/product\/yoast-seo-wordpress\/ -->\n<title>180 Jahre Evangelische Stiftung  Michaelshof \u2013 Eine Chronik - KLATSCHMOHN<\/title>\n<meta name=\"robots\" content=\"index, follow, max-snippet:-1, max-image-preview:large, max-video-preview:-1\" \/>\n<link rel=\"canonical\" href=\"https:\/\/test.klatschmohn.de\/?product=180-jahre-evangelische-stiftung-michaelshof-eine-chronik\" \/>\n<meta property=\"og:locale\" content=\"de_DE\" \/>\n<meta property=\"og:type\" content=\"article\" \/>\n<meta property=\"og:title\" content=\"180 Jahre Evangelische Stiftung  Michaelshof \u2013 Eine Chronik - KLATSCHMOHN\" \/>\n<meta property=\"og:description\" content=\"Autorenkollektiv\" \/>\n<meta property=\"og:url\" content=\"https:\/\/test.klatschmohn.de\/?product=180-jahre-evangelische-stiftung-michaelshof-eine-chronik\" \/>\n<meta property=\"og:site_name\" content=\"KLATSCHMOHN\" \/>\n<meta property=\"article:modified_time\" content=\"2026-05-13T10:33:03+00:00\" \/>\n<meta property=\"og:image\" content=\"https:\/\/test.klatschmohn.de\/wp-content\/uploads\/2026\/05\/Michaelshof_g-1.jpg\" \/>\n\t<meta property=\"og:image:width\" content=\"400\" \/>\n\t<meta property=\"og:image:height\" content=\"400\" \/>\n\t<meta property=\"og:image:type\" content=\"image\/jpeg\" \/>\n<meta name=\"twitter:card\" content=\"summary_large_image\" \/>\n<meta name=\"twitter:label1\" content=\"Gesch\u00e4tzte Lesezeit\" \/>\n\t<meta name=\"twitter:data1\" content=\"1\u00a0Minute\" \/>\n<script type=\"application\/ld+json\" class=\"yoast-schema-graph\">{\"@context\":\"https:\\\/\\\/schema.org\",\"@graph\":[{\"@type\":\"WebPage\",\"@id\":\"https:\\\/\\\/test.klatschmohn.de\\\/?product=180-jahre-evangelische-stiftung-michaelshof-eine-chronik\",\"url\":\"https:\\\/\\\/test.klatschmohn.de\\\/?product=180-jahre-evangelische-stiftung-michaelshof-eine-chronik\",\"name\":\"180 Jahre Evangelische Stiftung Michaelshof \u2013 Eine Chronik - KLATSCHMOHN\",\"isPartOf\":{\"@id\":\"https:\\\/\\\/test.klatschmohn.de\\\/#website\"},\"primaryImageOfPage\":{\"@id\":\"https:\\\/\\\/test.klatschmohn.de\\\/?product=180-jahre-evangelische-stiftung-michaelshof-eine-chronik#primaryimage\"},\"image\":{\"@id\":\"https:\\\/\\\/test.klatschmohn.de\\\/?product=180-jahre-evangelische-stiftung-michaelshof-eine-chronik#primaryimage\"},\"thumbnailUrl\":\"https:\\\/\\\/test.klatschmohn.de\\\/wp-content\\\/uploads\\\/2026\\\/05\\\/Michaelshof_g-1.jpg\",\"datePublished\":\"2026-05-12T11:26:34+00:00\",\"dateModified\":\"2026-05-13T10:33:03+00:00\",\"breadcrumb\":{\"@id\":\"https:\\\/\\\/test.klatschmohn.de\\\/?product=180-jahre-evangelische-stiftung-michaelshof-eine-chronik#breadcrumb\"},\"inLanguage\":\"de\",\"potentialAction\":[{\"@type\":\"ReadAction\",\"target\":[\"https:\\\/\\\/test.klatschmohn.de\\\/?product=180-jahre-evangelische-stiftung-michaelshof-eine-chronik\"]}]},{\"@type\":\"ImageObject\",\"inLanguage\":\"de\",\"@id\":\"https:\\\/\\\/test.klatschmohn.de\\\/?product=180-jahre-evangelische-stiftung-michaelshof-eine-chronik#primaryimage\",\"url\":\"https:\\\/\\\/test.klatschmohn.de\\\/wp-content\\\/uploads\\\/2026\\\/05\\\/Michaelshof_g-1.jpg\",\"contentUrl\":\"https:\\\/\\\/test.klatschmohn.de\\\/wp-content\\\/uploads\\\/2026\\\/05\\\/Michaelshof_g-1.jpg\",\"width\":400,\"height\":400},{\"@type\":\"BreadcrumbList\",\"@id\":\"https:\\\/\\\/test.klatschmohn.de\\\/?product=180-jahre-evangelische-stiftung-michaelshof-eine-chronik#breadcrumb\",\"itemListElement\":[{\"@type\":\"ListItem\",\"position\":1,\"name\":\"Start\",\"item\":\"https:\\\/\\\/test.klatschmohn.de\\\/\"},{\"@type\":\"ListItem\",\"position\":2,\"name\":\"Shop\",\"item\":\"https:\\\/\\\/test.klatschmohn.de\\\/?page_id=6\"},{\"@type\":\"ListItem\",\"position\":3,\"name\":\"180 Jahre Evangelische Stiftung Michaelshof \u2013 Eine Chronik\"}]},{\"@type\":\"WebSite\",\"@id\":\"https:\\\/\\\/test.klatschmohn.de\\\/#website\",\"url\":\"https:\\\/\\\/test.klatschmohn.de\\\/\",\"name\":\"KLATSCHMOHN\",\"description\":\"\",\"potentialAction\":[{\"@type\":\"SearchAction\",\"target\":{\"@type\":\"EntryPoint\",\"urlTemplate\":\"https:\\\/\\\/test.klatschmohn.de\\\/?s={search_term_string}\"},\"query-input\":{\"@type\":\"PropertyValueSpecification\",\"valueRequired\":true,\"valueName\":\"search_term_string\"}}],\"inLanguage\":\"de\"}]}<\/script>\n<!-- \/ Yoast SEO plugin. -->","yoast_head_json":{"title":"180 Jahre Evangelische Stiftung  Michaelshof \u2013 Eine Chronik - KLATSCHMOHN","robots":{"index":"index","follow":"follow","max-snippet":"max-snippet:-1","max-image-preview":"max-image-preview:large","max-video-preview":"max-video-preview:-1"},"canonical":"https:\/\/test.klatschmohn.de\/?product=180-jahre-evangelische-stiftung-michaelshof-eine-chronik","og_locale":"de_DE","og_type":"article","og_title":"180 Jahre Evangelische Stiftung  Michaelshof \u2013 Eine Chronik - KLATSCHMOHN","og_description":"Autorenkollektiv","og_url":"https:\/\/test.klatschmohn.de\/?product=180-jahre-evangelische-stiftung-michaelshof-eine-chronik","og_site_name":"KLATSCHMOHN","article_modified_time":"2026-05-13T10:33:03+00:00","og_image":[{"width":400,"height":400,"url":"https:\/\/test.klatschmohn.de\/wp-content\/uploads\/2026\/05\/Michaelshof_g-1.jpg","type":"image\/jpeg"}],"twitter_card":"summary_large_image","twitter_misc":{"Gesch\u00e4tzte Lesezeit":"1\u00a0Minute"},"schema":{"@context":"https:\/\/schema.org","@graph":[{"@type":"WebPage","@id":"https:\/\/test.klatschmohn.de\/?product=180-jahre-evangelische-stiftung-michaelshof-eine-chronik","url":"https:\/\/test.klatschmohn.de\/?product=180-jahre-evangelische-stiftung-michaelshof-eine-chronik","name":"180 Jahre Evangelische Stiftung Michaelshof \u2013 Eine Chronik - KLATSCHMOHN","isPartOf":{"@id":"https:\/\/test.klatschmohn.de\/#website"},"primaryImageOfPage":{"@id":"https:\/\/test.klatschmohn.de\/?product=180-jahre-evangelische-stiftung-michaelshof-eine-chronik#primaryimage"},"image":{"@id":"https:\/\/test.klatschmohn.de\/?product=180-jahre-evangelische-stiftung-michaelshof-eine-chronik#primaryimage"},"thumbnailUrl":"https:\/\/test.klatschmohn.de\/wp-content\/uploads\/2026\/05\/Michaelshof_g-1.jpg","datePublished":"2026-05-12T11:26:34+00:00","dateModified":"2026-05-13T10:33:03+00:00","breadcrumb":{"@id":"https:\/\/test.klatschmohn.de\/?product=180-jahre-evangelische-stiftung-michaelshof-eine-chronik#breadcrumb"},"inLanguage":"de","potentialAction":[{"@type":"ReadAction","target":["https:\/\/test.klatschmohn.de\/?product=180-jahre-evangelische-stiftung-michaelshof-eine-chronik"]}]},{"@type":"ImageObject","inLanguage":"de","@id":"https:\/\/test.klatschmohn.de\/?product=180-jahre-evangelische-stiftung-michaelshof-eine-chronik#primaryimage","url":"https:\/\/test.klatschmohn.de\/wp-content\/uploads\/2026\/05\/Michaelshof_g-1.jpg","contentUrl":"https:\/\/test.klatschmohn.de\/wp-content\/uploads\/2026\/05\/Michaelshof_g-1.jpg","width":400,"height":400},{"@type":"BreadcrumbList","@id":"https:\/\/test.klatschmohn.de\/?product=180-jahre-evangelische-stiftung-michaelshof-eine-chronik#breadcrumb","itemListElement":[{"@type":"ListItem","position":1,"name":"Start","item":"https:\/\/test.klatschmohn.de\/"},{"@type":"ListItem","position":2,"name":"Shop","item":"https:\/\/test.klatschmohn.de\/?page_id=6"},{"@type":"ListItem","position":3,"name":"180 Jahre Evangelische Stiftung Michaelshof \u2013 Eine Chronik"}]},{"@type":"WebSite","@id":"https:\/\/test.klatschmohn.de\/#website","url":"https:\/\/test.klatschmohn.de\/","name":"KLATSCHMOHN","description":"","potentialAction":[{"@type":"SearchAction","target":{"@type":"EntryPoint","urlTemplate":"https:\/\/test.klatschmohn.de\/?s={search_term_string}"},"query-input":{"@type":"PropertyValueSpecification","valueRequired":true,"valueName":"search_term_string"}}],"inLanguage":"de"}]}},"jetpack_sharing_enabled":true,"_links":{"self":[{"href":"https:\/\/test.klatschmohn.de\/index.php?rest_route=\/wp\/v2\/product\/33","targetHints":{"allow":["GET"]}}],"collection":[{"href":"https:\/\/test.klatschmohn.de\/index.php?rest_route=\/wp\/v2\/product"}],"about":[{"href":"https:\/\/test.klatschmohn.de\/index.php?rest_route=\/wp\/v2\/types\/product"}],"wp:featuredmedia":[{"embeddable":true,"href":"https:\/\/test.klatschmohn.de\/index.php?rest_route=\/wp\/v2\/media\/72"}],"wp:attachment":[{"href":"https:\/\/test.klatschmohn.de\/index.php?rest_route=%2Fwp%2Fv2%2Fmedia&parent=33"}],"wp:term":[{"taxonomy":"product_brand","embeddable":true,"href":"https:\/\/test.klatschmohn.de\/index.php?rest_route=%2Fwp%2Fv2%2Fproduct_brand&post=33"},{"taxonomy":"product_cat","embeddable":true,"href":"https:\/\/test.klatschmohn.de\/index.php?rest_route=%2Fwp%2Fv2%2Fproduct_cat&post=33"},{"taxonomy":"product_tag","embeddable":true,"href":"https:\/\/test.klatschmohn.de\/index.php?rest_route=%2Fwp%2Fv2%2Fproduct_tag&post=33"}],"curies":[{"name":"wp","href":"https:\/\/api.w.org\/{rel}","templated":true}]}}